{"id":1029,"date":"2018-08-28T12:16:27","date_gmt":"2018-08-28T09:16:27","guid":{"rendered":"https:\/\/www.hydrobreak.com\/produkter\/hydrobreak-plus\/"},"modified":"2019-02-26T15:14:17","modified_gmt":"2019-02-26T13:14:17","slug":"hydrobreak-plus","status":"publish","type":"page","link":"https:\/\/www.hydrobreak.com\/nb\/produkter\/hydrobreak-plus\/","title":{"rendered":"HydroBreak\u00ae PLUS"},"content":{"rendered":"<h4>Produkt<\/h4>\n<p style=\"text-align: justify;\">Ultra-konsentrert, milj\u00f8vennlig, og biologisk nedbrytbar renser\/avfetter. Kan brukes til \u00e5 rengj\u00f8re industriomr\u00e5der, behandling av avl\u00f8psvann, jordsmonn- og vannrensing. Spesielt nyttig for marin eller offshore bruk siden produktet kan fortynnes med saltvann. Har evnen til komplett aerobisk nedbrytning av alle typer vegetabilske, animalske, mineralske og syntetiske oljer, og fett samt mange aromatiske substanser til H<sub>2<\/sub>O og CO<sub>2<\/sub>. P\u00e5virker ikke gummi, plastikk, maling eller metaller.<\/p>\n<p style=\"text-align: justify;\">Brukbart for matindustri, etterlater ikke spor etter vask. I behandling av avl\u00f8psvann stimuleres aktiviteten til gode bakterier som deler opp fett og oljer, som resulterer i at forurensingsniv\u00e5et i for vannbehandling reduseres med 90%. Fullstendig rengj\u00f8ring av avl\u00f8p som forhindrer blokkering. Har veldig gode avfettingsegenskaper, fjerner ogs\u00e5 all lukt.<\/p>\n<h4>Egenskaper<\/h4>\n<ul>\n<li>Gj\u00f8r at hydrokarboner ikke er antennbare n\u00e5r p\u00e5f\u00f8rt;<\/li>\n<li>Forhindrer oppbygningen av olje og fett produkter;<\/li>\n<li>Fungerer som en bio-akselerator for komplett nedbryting av hydrokarboner, fett og andre oljeprodukter;<\/li>\n<li>Forhindrer oppbygning av olje og fett;<\/li>\n<li>Utmerkede avfettingsegenskaper;<\/li>\n<li>P\u00e5virker ikke gummi, plastikk, maling eller metaller;<\/li>\n<li>Klassifisert som helt trygt (ikke-giftig, ingen giftige biprodukter, ikke-korrosivt, ikke-antennbart, ikke-flyktig).<\/li>\n<\/ul>\n","protected":false},"excerpt":{"rendered":"<p>Produkt Ultra-konsentrert, milj\u00f8vennlig, og biologisk nedbrytbar renser\/avfetter. Kan brukes til \u00e5 rengj\u00f8re industriomr\u00e5der, behandling av avl\u00f8psvann, jordsmonn- og vannrensing. Spesielt nyttig for marin eller offshore bruk siden produktet kan fortynnes med saltvann. Har evnen til komplett aerobisk nedbrytning av alle typer vegetabilske, animalske, mineralske og syntetiske oljer, og fett samt&#8230;<\/p>\n","protected":false},"author":2,"featured_media":1204,"parent":1024,"menu_order":0,"comment_status":"closed","ping_status":"closed","template":"page-templates\/product.php","meta":{"_acf_changed":false,"footnotes":""},"acf":[],"yoast_head":"<!-- This site is optimized with the Yoast SEO plugin v22.8 - https:\/\/yoast.com\/wordpress\/plugins\/seo\/ -->\n<title>HydroBreak\u00ae PLUS | HydroBreak<\/title>\n<meta name=\"description\" content=\"Produkt Ultra-konsentrert, milj\u00f8vennlig, og biologisk nedbrytbar renser\/avfetter. Kan brukes til \u00e5 rengj\u00f8re industriomr\u00e5der, behandling av avl\u00f8psvann,\" \/>\n<meta name=\"robots\" content=\"index, follow, max-snippet:-1, max-image-preview:large, max-video-preview:-1\" \/>\n<link rel=\"canonical\" href=\"https:\/\/www.hydrobreak.com\/nb\/produkter\/hydrobreak-plus\/\" \/>\n<meta property=\"og:locale\" content=\"nb_NO\" \/>\n<meta property=\"og:type\" content=\"article\" \/>\n<meta property=\"og:title\" content=\"HydroBreak\u00ae PLUS | HydroBreak\" \/>\n<meta property=\"og:description\" content=\"Produkt Ultra-konsentrert, milj\u00f8vennlig, og biologisk nedbrytbar renser\/avfetter. Kan brukes til \u00e5 rengj\u00f8re industriomr\u00e5der, behandling av avl\u00f8psvann,\" \/>\n<meta property=\"og:url\" content=\"https:\/\/www.hydrobreak.com\/nb\/produkter\/hydrobreak-plus\/\" \/>\n<meta property=\"og:site_name\" content=\"HydroBreak\" \/>\n<meta property=\"article:publisher\" content=\"https:\/\/www.facebook.com\/HydroBreak\" \/>\n<meta property=\"article:modified_time\" content=\"2019-02-26T13:14:17+00:00\" \/>\n<meta property=\"og:image\" content=\"https:\/\/www.hydrobreak.com\/wp-content\/uploads\/2019\/04\/plus-p.jpg\" \/>\n\t<meta property=\"og:image:width\" content=\"1150\" \/>\n\t<meta property=\"og:image:height\" content=\"1150\" \/>\n\t<meta property=\"og:image:type\" content=\"image\/jpeg\" \/>\n<meta name=\"twitter:card\" content=\"summary_large_image\" \/>\n<meta name=\"twitter:label1\" content=\"Ansl. lesetid\" \/>\n\t<meta name=\"twitter:data1\" content=\"1 minutt\" \/>\n<script type=\"application\/ld+json\" class=\"yoast-schema-graph\">{\"@context\":\"https:\/\/schema.org\",\"@graph\":[{\"@type\":\"WebPage\",\"@id\":\"https:\/\/www.hydrobreak.com\/nb\/produkter\/hydrobreak-plus\/\",\"url\":\"https:\/\/www.hydrobreak.com\/nb\/produkter\/hydrobreak-plus\/\",\"name\":\"HydroBreak\u00ae PLUS | HydroBreak\",\"isPartOf\":{\"@id\":\"https:\/\/www.hydrobreak.com\/it\/#website\"},\"primaryImageOfPage\":{\"@id\":\"https:\/\/www.hydrobreak.com\/nb\/produkter\/hydrobreak-plus\/#primaryimage\"},\"image\":{\"@id\":\"https:\/\/www.hydrobreak.com\/nb\/produkter\/hydrobreak-plus\/#primaryimage\"},\"thumbnailUrl\":\"https:\/\/www.hydrobreak.com\/wp-content\/uploads\/2019\/04\/plus-p.jpg\",\"datePublished\":\"2018-08-28T09:16:27+00:00\",\"dateModified\":\"2019-02-26T13:14:17+00:00\",\"description\":\"Produkt Ultra-konsentrert, milj\u00f8vennlig, og biologisk nedbrytbar renser\/avfetter. Kan brukes til \u00e5 rengj\u00f8re industriomr\u00e5der, behandling av avl\u00f8psvann,\",\"breadcrumb\":{\"@id\":\"https:\/\/www.hydrobreak.com\/nb\/produkter\/hydrobreak-plus\/#breadcrumb\"},\"inLanguage\":\"nb-NO\",\"potentialAction\":[{\"@type\":\"ReadAction\",\"target\":[\"https:\/\/www.hydrobreak.com\/nb\/produkter\/hydrobreak-plus\/\"]}]},{\"@type\":\"ImageObject\",\"inLanguage\":\"nb-NO\",\"@id\":\"https:\/\/www.hydrobreak.com\/nb\/produkter\/hydrobreak-plus\/#primaryimage\",\"url\":\"https:\/\/www.hydrobreak.com\/wp-content\/uploads\/2019\/04\/plus-p.jpg\",\"contentUrl\":\"https:\/\/www.hydrobreak.com\/wp-content\/uploads\/2019\/04\/plus-p.jpg\",\"width\":1150,\"height\":1150},{\"@type\":\"BreadcrumbList\",\"@id\":\"https:\/\/www.hydrobreak.com\/nb\/produkter\/hydrobreak-plus\/#breadcrumb\",\"itemListElement\":[{\"@type\":\"ListItem\",\"position\":1,\"name\":\"Home\",\"item\":\"https:\/\/www.hydrobreak.com\/nb\/\"},{\"@type\":\"ListItem\",\"position\":2,\"name\":\"Produkter\",\"item\":\"https:\/\/www.hydrobreak.com\/nb\/produkter\/\"},{\"@type\":\"ListItem\",\"position\":3,\"name\":\"HydroBreak\u00ae PLUS\"}]},{\"@type\":\"WebSite\",\"@id\":\"https:\/\/www.hydrobreak.com\/it\/#website\",\"url\":\"https:\/\/www.hydrobreak.com\/it\/\",\"name\":\"HydroBreak\",\"description\":\"Solutions for a Clean Tomorrow.\",\"potentialAction\":[{\"@type\":\"SearchAction\",\"target\":{\"@type\":\"EntryPoint\",\"urlTemplate\":\"https:\/\/www.hydrobreak.com\/it\/?s={search_term_string}\"},\"query-input\":\"required name=search_term_string\"}],\"inLanguage\":\"nb-NO\"}]}<\/script>\n<!-- \/ Yoast SEO plugin. -->","yoast_head_json":{"title":"HydroBreak\u00ae PLUS | HydroBreak","description":"Produkt Ultra-konsentrert, milj\u00f8vennlig, og biologisk nedbrytbar renser\/avfetter. Kan brukes til \u00e5 rengj\u00f8re industriomr\u00e5der, behandling av avl\u00f8psvann,","robots":{"index":"index","follow":"follow","max-snippet":"max-snippet:-1","max-image-preview":"max-image-preview:large","max-video-preview":"max-video-preview:-1"},"canonical":"https:\/\/www.hydrobreak.com\/nb\/produkter\/hydrobreak-plus\/","og_locale":"nb_NO","og_type":"article","og_title":"HydroBreak\u00ae PLUS | HydroBreak","og_description":"Produkt Ultra-konsentrert, milj\u00f8vennlig, og biologisk nedbrytbar renser\/avfetter. Kan brukes til \u00e5 rengj\u00f8re industriomr\u00e5der, behandling av avl\u00f8psvann,","og_url":"https:\/\/www.hydrobreak.com\/nb\/produkter\/hydrobreak-plus\/","og_site_name":"HydroBreak","article_publisher":"https:\/\/www.facebook.com\/HydroBreak","article_modified_time":"2019-02-26T13:14:17+00:00","og_image":[{"width":1150,"height":1150,"url":"https:\/\/www.hydrobreak.com\/wp-content\/uploads\/2019\/04\/plus-p.jpg","type":"image\/jpeg"}],"twitter_card":"summary_large_image","twitter_misc":{"Ansl. lesetid":"1 minutt"},"schema":{"@context":"https:\/\/schema.org","@graph":[{"@type":"WebPage","@id":"https:\/\/www.hydrobreak.com\/nb\/produkter\/hydrobreak-plus\/","url":"https:\/\/www.hydrobreak.com\/nb\/produkter\/hydrobreak-plus\/","name":"HydroBreak\u00ae PLUS | HydroBreak","isPartOf":{"@id":"https:\/\/www.hydrobreak.com\/it\/#website"},"primaryImageOfPage":{"@id":"https:\/\/www.hydrobreak.com\/nb\/produkter\/hydrobreak-plus\/#primaryimage"},"image":{"@id":"https:\/\/www.hydrobreak.com\/nb\/produkter\/hydrobreak-plus\/#primaryimage"},"thumbnailUrl":"https:\/\/www.hydrobreak.com\/wp-content\/uploads\/2019\/04\/plus-p.jpg","datePublished":"2018-08-28T09:16:27+00:00","dateModified":"2019-02-26T13:14:17+00:00","description":"Produkt Ultra-konsentrert, milj\u00f8vennlig, og biologisk nedbrytbar renser\/avfetter. Kan brukes til \u00e5 rengj\u00f8re industriomr\u00e5der, behandling av avl\u00f8psvann,","breadcrumb":{"@id":"https:\/\/www.hydrobreak.com\/nb\/produkter\/hydrobreak-plus\/#breadcrumb"},"inLanguage":"nb-NO","potentialAction":[{"@type":"ReadAction","target":["https:\/\/www.hydrobreak.com\/nb\/produkter\/hydrobreak-plus\/"]}]},{"@type":"ImageObject","inLanguage":"nb-NO","@id":"https:\/\/www.hydrobreak.com\/nb\/produkter\/hydrobreak-plus\/#primaryimage","url":"https:\/\/www.hydrobreak.com\/wp-content\/uploads\/2019\/04\/plus-p.jpg","contentUrl":"https:\/\/www.hydrobreak.com\/wp-content\/uploads\/2019\/04\/plus-p.jpg","width":1150,"height":1150},{"@type":"BreadcrumbList","@id":"https:\/\/www.hydrobreak.com\/nb\/produkter\/hydrobreak-plus\/#breadcrumb","itemListElement":[{"@type":"ListItem","position":1,"name":"Home","item":"https:\/\/www.hydrobreak.com\/nb\/"},{"@type":"ListItem","position":2,"name":"Produkter","item":"https:\/\/www.hydrobreak.com\/nb\/produkter\/"},{"@type":"ListItem","position":3,"name":"HydroBreak\u00ae PLUS"}]},{"@type":"WebSite","@id":"https:\/\/www.hydrobreak.com\/it\/#website","url":"https:\/\/www.hydrobreak.com\/it\/","name":"HydroBreak","description":"Solutions for a Clean Tomorrow.","potentialAction":[{"@type":"SearchAction","target":{"@type":"EntryPoint","urlTemplate":"https:\/\/www.hydrobreak.com\/it\/?s={search_term_string}"},"query-input":"required name=search_term_string"}],"inLanguage":"nb-NO"}]}},"_links":{"self":[{"href":"https:\/\/www.hydrobreak.com\/nb\/wp-json\/wp\/v2\/pages\/1029"}],"collection":[{"href":"https:\/\/www.hydrobreak.com\/nb\/wp-json\/wp\/v2\/pages"}],"about":[{"href":"https:\/\/www.hydrobreak.com\/nb\/wp-json\/wp\/v2\/types\/page"}],"author":[{"embeddable":true,"href":"https:\/\/www.hydrobreak.com\/nb\/wp-json\/wp\/v2\/users\/2"}],"replies":[{"embeddable":true,"href":"https:\/\/www.hydrobreak.com\/nb\/wp-json\/wp\/v2\/comments?post=1029"}],"version-history":[{"count":0,"href":"https:\/\/www.hydrobreak.com\/nb\/wp-json\/wp\/v2\/pages\/1029\/revisions"}],"up":[{"embeddable":true,"href":"https:\/\/www.hydrobreak.com\/nb\/wp-json\/wp\/v2\/pages\/1024"}],"wp:featuredmedia":[{"embeddable":true,"href":"https:\/\/www.hydrobreak.com\/nb\/wp-json\/wp\/v2\/media\/1204"}],"wp:attachment":[{"href":"https:\/\/www.hydrobreak.com\/nb\/wp-json\/wp\/v2\/media?parent=1029"}],"curies":[{"name":"wp","href":"https:\/\/api.w.org\/{rel}","templated":true}]}}