{"id":1300,"date":"2018-08-28T12:16:51","date_gmt":"2018-08-28T09:16:51","guid":{"rendered":"https:\/\/www.hydrobreak.com\/products\/hydrobreak-hd\/"},"modified":"2021-03-08T14:27:44","modified_gmt":"2021-03-08T12:27:44","slug":"hydrobreak-hd","status":"publish","type":"page","link":"https:\/\/www.hydrobreak.com\/es\/products\/hydrobreak-hd\/","title":{"rendered":"HydroBreak\u00ae HD"},"content":{"rendered":"<h4>Producto<\/h4>\n<p style=\"text-align: justify;\">Limpiador\/desengrasante concentrado, ecol\u00f3gico y completamente biodegradable. Funciona como una alternativa a los disolventes o detergentes de base alcalina en los procesos de limpieza y desengrasado que involucran metales como lat\u00f3n, cobre y aluminio, componentes de pl\u00e1stico o vidrio. Totalmente seguro de usar, sin c\u00e1usticos, disolventes ni silicatos. Dura m\u00e1s que los limpiadores convencionales. No espumante cuando se usa por encima de 55 \u00baC. Evita la acumulaci\u00f3n de aceite, grasa y fango en el equipo. Tambi\u00e9n previene la acumulaci\u00f3n de incrustaciones en la maquinaria de lavado, lo que asegura su operaci\u00f3n m\u00e1s eficiente, tambi\u00e9n mantiene la maquinaria m\u00e1s limpia durante el uso, lo que reduce los costos de mantenimiento del equipo. Evita la acumulaci\u00f3n de fango. Ayuda a la biodegradaci\u00f3n de aceites, grasas y otros hidrocarburos. Muy eficaz y de uso econ\u00f3mico. Un producto ambientalmente respetuoso que minimiza los costos de eliminaci\u00f3n de otro modo. Se puede utilizar para limpiar y abrillantar lat\u00f3n, aluminio.<\/p>\n<h4>Caracteristicas<\/h4>\n<ul>\n<li>No agresivo como detergentes alcalinos;<\/li>\n<li>Sin espuma cuando se usa a +55 \u00baC;<\/li>\n<li>Dura m\u00e1s que los limpiadores convencionales;<\/li>\n<li>Aditivos anticorrosivos a corto plazo;<\/li>\n<li>Evita la acumulaci\u00f3n de aceite, grasa y lodo en el equipo;<\/li>\n<li>Act\u00faa como bioacelerador para la descomposici\u00f3n completa de hidrocarburos, grasas y otros productos derivados del petr\u00f3leo;<\/li>\n<li>Excelentes propiedades desengrasantes;<\/li>\n<li>No afecta al caucho, pl\u00e1stico, pintura ni metales;<\/li>\n<li>Clasificado como totalmente seguro (no t\u00f3xico, sin subproductos t\u00f3xicos, no corrosivo, no inflamable, no vol\u00e1til).<\/li>\n<\/ul>\n","protected":false},"excerpt":{"rendered":"<p>Producto Limpiador\/desengrasante concentrado, ecol\u00f3gico y completamente biodegradable. Funciona como una alternativa a los disolventes o detergentes de base alcalina en los procesos de limpieza y desengrasado que involucran metales como lat\u00f3n, cobre y aluminio, componentes de pl\u00e1stico o vidrio. Totalmente seguro de usar, sin c\u00e1usticos, disolventes ni silicatos. Dura m\u00e1s&#8230;<\/p>\n","protected":false},"author":2,"featured_media":1301,"parent":1296,"menu_order":0,"comment_status":"closed","ping_status":"closed","template":"page-templates\/product.php","meta":{"_acf_changed":false,"footnotes":""},"acf":[],"yoast_head":"<!-- This site is optimized with the Yoast SEO plugin v22.8 - https:\/\/yoast.com\/wordpress\/plugins\/seo\/ -->\n<title>HydroBreak\u00ae HD | HydroBreak<\/title>\n<meta name=\"description\" content=\"Producto Limpiador\/desengrasante concentrado, ecol\u00f3gico y completamente biodegradable. Funciona como una alternativa a los disolventes o detergentes de\" \/>\n<meta name=\"robots\" content=\"index, follow, max-snippet:-1, max-image-preview:large, max-video-preview:-1\" \/>\n<link rel=\"canonical\" href=\"https:\/\/www.hydrobreak.com\/es\/products\/hydrobreak-hd\/\" \/>\n<meta property=\"og:locale\" content=\"es_ES\" \/>\n<meta property=\"og:type\" content=\"article\" \/>\n<meta property=\"og:title\" content=\"HydroBreak\u00ae HD | HydroBreak\" \/>\n<meta property=\"og:description\" content=\"Producto Limpiador\/desengrasante concentrado, ecol\u00f3gico y completamente biodegradable. Funciona como una alternativa a los disolventes o detergentes de\" \/>\n<meta property=\"og:url\" content=\"https:\/\/www.hydrobreak.com\/es\/products\/hydrobreak-hd\/\" \/>\n<meta property=\"og:site_name\" content=\"HydroBreak\" \/>\n<meta property=\"article:publisher\" content=\"https:\/\/www.facebook.com\/HydroBreak\" \/>\n<meta property=\"article:modified_time\" content=\"2021-03-08T12:27:44+00:00\" \/>\n<meta property=\"og:image\" content=\"https:\/\/www.hydrobreak.com\/wp-content\/uploads\/2019\/04\/hd-p.jpg\" \/>\n\t<meta property=\"og:image:width\" content=\"1150\" \/>\n\t<meta property=\"og:image:height\" content=\"1150\" \/>\n\t<meta property=\"og:image:type\" content=\"image\/jpeg\" \/>\n<meta name=\"twitter:card\" content=\"summary_large_image\" \/>\n<meta name=\"twitter:label1\" content=\"Tiempo de lectura\" \/>\n\t<meta name=\"twitter:data1\" content=\"1 minuto\" \/>\n<script type=\"application\/ld+json\" class=\"yoast-schema-graph\">{\"@context\":\"https:\/\/schema.org\",\"@graph\":[{\"@type\":\"WebPage\",\"@id\":\"https:\/\/www.hydrobreak.com\/es\/products\/hydrobreak-hd\/\",\"url\":\"https:\/\/www.hydrobreak.com\/es\/products\/hydrobreak-hd\/\",\"name\":\"HydroBreak\u00ae HD | HydroBreak\",\"isPartOf\":{\"@id\":\"https:\/\/www.hydrobreak.com\/it\/#website\"},\"primaryImageOfPage\":{\"@id\":\"https:\/\/www.hydrobreak.com\/es\/products\/hydrobreak-hd\/#primaryimage\"},\"image\":{\"@id\":\"https:\/\/www.hydrobreak.com\/es\/products\/hydrobreak-hd\/#primaryimage\"},\"thumbnailUrl\":\"https:\/\/www.hydrobreak.com\/wp-content\/uploads\/2019\/04\/hd-p.jpg\",\"datePublished\":\"2018-08-28T09:16:51+00:00\",\"dateModified\":\"2021-03-08T12:27:44+00:00\",\"description\":\"Producto Limpiador\/desengrasante concentrado, ecol\u00f3gico y completamente biodegradable. Funciona como una alternativa a los disolventes o detergentes de\",\"breadcrumb\":{\"@id\":\"https:\/\/www.hydrobreak.com\/es\/products\/hydrobreak-hd\/#breadcrumb\"},\"inLanguage\":\"es\",\"potentialAction\":[{\"@type\":\"ReadAction\",\"target\":[\"https:\/\/www.hydrobreak.com\/es\/products\/hydrobreak-hd\/\"]}]},{\"@type\":\"ImageObject\",\"inLanguage\":\"es\",\"@id\":\"https:\/\/www.hydrobreak.com\/es\/products\/hydrobreak-hd\/#primaryimage\",\"url\":\"https:\/\/www.hydrobreak.com\/wp-content\/uploads\/2019\/04\/hd-p.jpg\",\"contentUrl\":\"https:\/\/www.hydrobreak.com\/wp-content\/uploads\/2019\/04\/hd-p.jpg\",\"width\":1150,\"height\":1150},{\"@type\":\"BreadcrumbList\",\"@id\":\"https:\/\/www.hydrobreak.com\/es\/products\/hydrobreak-hd\/#breadcrumb\",\"itemListElement\":[{\"@type\":\"ListItem\",\"position\":1,\"name\":\"Home\",\"item\":\"https:\/\/www.hydrobreak.com\/es\/\"},{\"@type\":\"ListItem\",\"position\":2,\"name\":\"Productos\",\"item\":\"https:\/\/www.hydrobreak.com\/es\/products\/\"},{\"@type\":\"ListItem\",\"position\":3,\"name\":\"HydroBreak\u00ae HD\"}]},{\"@type\":\"WebSite\",\"@id\":\"https:\/\/www.hydrobreak.com\/it\/#website\",\"url\":\"https:\/\/www.hydrobreak.com\/it\/\",\"name\":\"HydroBreak\",\"description\":\"Solutions for a Clean Tomorrow.\",\"potentialAction\":[{\"@type\":\"SearchAction\",\"target\":{\"@type\":\"EntryPoint\",\"urlTemplate\":\"https:\/\/www.hydrobreak.com\/it\/?s={search_term_string}\"},\"query-input\":\"required name=search_term_string\"}],\"inLanguage\":\"es\"}]}<\/script>\n<!-- \/ Yoast SEO plugin. -->","yoast_head_json":{"title":"HydroBreak\u00ae HD | HydroBreak","description":"Producto Limpiador\/desengrasante concentrado, ecol\u00f3gico y completamente biodegradable. Funciona como una alternativa a los disolventes o detergentes de","robots":{"index":"index","follow":"follow","max-snippet":"max-snippet:-1","max-image-preview":"max-image-preview:large","max-video-preview":"max-video-preview:-1"},"canonical":"https:\/\/www.hydrobreak.com\/es\/products\/hydrobreak-hd\/","og_locale":"es_ES","og_type":"article","og_title":"HydroBreak\u00ae HD | HydroBreak","og_description":"Producto Limpiador\/desengrasante concentrado, ecol\u00f3gico y completamente biodegradable. Funciona como una alternativa a los disolventes o detergentes de","og_url":"https:\/\/www.hydrobreak.com\/es\/products\/hydrobreak-hd\/","og_site_name":"HydroBreak","article_publisher":"https:\/\/www.facebook.com\/HydroBreak","article_modified_time":"2021-03-08T12:27:44+00:00","og_image":[{"width":1150,"height":1150,"url":"https:\/\/www.hydrobreak.com\/wp-content\/uploads\/2019\/04\/hd-p.jpg","type":"image\/jpeg"}],"twitter_card":"summary_large_image","twitter_misc":{"Tiempo de lectura":"1 minuto"},"schema":{"@context":"https:\/\/schema.org","@graph":[{"@type":"WebPage","@id":"https:\/\/www.hydrobreak.com\/es\/products\/hydrobreak-hd\/","url":"https:\/\/www.hydrobreak.com\/es\/products\/hydrobreak-hd\/","name":"HydroBreak\u00ae HD | HydroBreak","isPartOf":{"@id":"https:\/\/www.hydrobreak.com\/it\/#website"},"primaryImageOfPage":{"@id":"https:\/\/www.hydrobreak.com\/es\/products\/hydrobreak-hd\/#primaryimage"},"image":{"@id":"https:\/\/www.hydrobreak.com\/es\/products\/hydrobreak-hd\/#primaryimage"},"thumbnailUrl":"https:\/\/www.hydrobreak.com\/wp-content\/uploads\/2019\/04\/hd-p.jpg","datePublished":"2018-08-28T09:16:51+00:00","dateModified":"2021-03-08T12:27:44+00:00","description":"Producto Limpiador\/desengrasante concentrado, ecol\u00f3gico y completamente biodegradable. Funciona como una alternativa a los disolventes o detergentes de","breadcrumb":{"@id":"https:\/\/www.hydrobreak.com\/es\/products\/hydrobreak-hd\/#breadcrumb"},"inLanguage":"es","potentialAction":[{"@type":"ReadAction","target":["https:\/\/www.hydrobreak.com\/es\/products\/hydrobreak-hd\/"]}]},{"@type":"ImageObject","inLanguage":"es","@id":"https:\/\/www.hydrobreak.com\/es\/products\/hydrobreak-hd\/#primaryimage","url":"https:\/\/www.hydrobreak.com\/wp-content\/uploads\/2019\/04\/hd-p.jpg","contentUrl":"https:\/\/www.hydrobreak.com\/wp-content\/uploads\/2019\/04\/hd-p.jpg","width":1150,"height":1150},{"@type":"BreadcrumbList","@id":"https:\/\/www.hydrobreak.com\/es\/products\/hydrobreak-hd\/#breadcrumb","itemListElement":[{"@type":"ListItem","position":1,"name":"Home","item":"https:\/\/www.hydrobreak.com\/es\/"},{"@type":"ListItem","position":2,"name":"Productos","item":"https:\/\/www.hydrobreak.com\/es\/products\/"},{"@type":"ListItem","position":3,"name":"HydroBreak\u00ae HD"}]},{"@type":"WebSite","@id":"https:\/\/www.hydrobreak.com\/it\/#website","url":"https:\/\/www.hydrobreak.com\/it\/","name":"HydroBreak","description":"Solutions for a Clean Tomorrow.","potentialAction":[{"@type":"SearchAction","target":{"@type":"EntryPoint","urlTemplate":"https:\/\/www.hydrobreak.com\/it\/?s={search_term_string}"},"query-input":"required name=search_term_string"}],"inLanguage":"es"}]}},"_links":{"self":[{"href":"https:\/\/www.hydrobreak.com\/es\/wp-json\/wp\/v2\/pages\/1300"}],"collection":[{"href":"https:\/\/www.hydrobreak.com\/es\/wp-json\/wp\/v2\/pages"}],"about":[{"href":"https:\/\/www.hydrobreak.com\/es\/wp-json\/wp\/v2\/types\/page"}],"author":[{"embeddable":true,"href":"https:\/\/www.hydrobreak.com\/es\/wp-json\/wp\/v2\/users\/2"}],"replies":[{"embeddable":true,"href":"https:\/\/www.hydrobreak.com\/es\/wp-json\/wp\/v2\/comments?post=1300"}],"version-history":[{"count":0,"href":"https:\/\/www.hydrobreak.com\/es\/wp-json\/wp\/v2\/pages\/1300\/revisions"}],"up":[{"embeddable":true,"href":"https:\/\/www.hydrobreak.com\/es\/wp-json\/wp\/v2\/pages\/1296"}],"wp:featuredmedia":[{"embeddable":true,"href":"https:\/\/www.hydrobreak.com\/es\/wp-json\/wp\/v2\/media\/1301"}],"wp:attachment":[{"href":"https:\/\/www.hydrobreak.com\/es\/wp-json\/wp\/v2\/media?parent=1300"}],"curies":[{"name":"wp","href":"https:\/\/api.w.org\/{rel}","templated":true}]}}