{"id":1297,"date":"2018-08-28T12:18:17","date_gmt":"2018-08-28T09:18:17","guid":{"rendered":"https:\/\/www.hydrobreak.com\/products\/hydrobreak-2000\/"},"modified":"2021-03-08T14:34:28","modified_gmt":"2021-03-08T12:34:28","slug":"hydrobreak-2000","status":"publish","type":"page","link":"https:\/\/www.hydrobreak.com\/es\/products\/hydrobreak-2000\/","title":{"rendered":"HydroBreak\u00ae 2000"},"content":{"rendered":"<h4>Producto<\/h4>\n<p style=\"text-align: justify;\">Limpiador\/desengrasante concentrado, ecol\u00f3gico y completamente biodegradable. Se utiliza para la limpieza de locales industriales, desengrasado de equipos o limpieza general de cualquier otra superficie. Tambi\u00e9n es particularmente efectivo para limpiar derrames de petr\u00f3leo e hidrocarburos, as\u00ed como en el tratamiento de efluentes y remediaci\u00f3n de suelos. Tiene la capacidad de descomposici\u00f3n aer\u00f3bica completa de todo tipo de aceites vegetales, animales, minerales y sint\u00e9ticos, grasas y muchas sustancias arom\u00e1ticas a H<sub>2<\/sub>O y CO<sub>2<\/sub>. No afecta caucho, pl\u00e1stico, pintura ni metales.<\/p>\n<p style=\"text-align: justify;\">Apto para industria alimentaria, no deja rastro tras el lavado. En el agua efluente se estimula la actividad de las bacterias buenas, que dividen la grasa y el aceite, lo que da como resultado que el nivel de contaminaci\u00f3n en la planta de tratamiento de agua se reduzca por 90%. Limpia completamente el drenaje, evitando as\u00ed que se bloquee. Tiene muy buenas propiedades desengrasantes, adem\u00e1s elimina todos los olores.<\/p>\n<h4>Caracteristicas<\/h4>\n<ul>\n<li>Hace que los hidrocarburos no sean inflamables;<\/li>\n<li>Evita la acumulaci\u00f3n de grasas y productos derivados del petr\u00f3leo;<\/li>\n<li>Act\u00faa como bioacelerador para la descomposici\u00f3n completa de hidrocarburos, grasas y otros productos derivados del petr\u00f3leo;<\/li>\n<li>Evita la formaci\u00f3n de aceites y grasas;<\/li>\n<li>Excelentes propiedades desengrasantes;<\/li>\n<li>No afecta al caucho, pl\u00e1stico, pintura ni metales;<\/li>\n<li>Clasificado como totalmente seguro (no t\u00f3xico, sin subproductos t\u00f3xicos, no corrosivo, no inflamable, no vol\u00e1til).<\/li>\n<\/ul>\n<p>&nbsp;<\/p>\n","protected":false},"excerpt":{"rendered":"<p>Producto Limpiador\/desengrasante concentrado, ecol\u00f3gico y completamente biodegradable. Se utiliza para la limpieza de locales industriales, desengrasado de equipos o limpieza general de cualquier otra superficie. Tambi\u00e9n es particularmente efectivo para limpiar derrames de petr\u00f3leo e hidrocarburos, as\u00ed como en el tratamiento de efluentes y remediaci\u00f3n de suelos. Tiene la capacidad&#8230;<\/p>\n","protected":false},"author":2,"featured_media":1299,"parent":1296,"menu_order":0,"comment_status":"closed","ping_status":"closed","template":"page-templates\/product.php","meta":{"_acf_changed":false,"footnotes":""},"acf":[],"yoast_head":"<!-- This site is optimized with the Yoast SEO plugin v22.8 - https:\/\/yoast.com\/wordpress\/plugins\/seo\/ -->\n<title>HydroBreak\u00ae 2000 | HydroBreak<\/title>\n<meta name=\"description\" content=\"Producto Limpiador\/desengrasante concentrado, ecol\u00f3gico y completamente biodegradable. Se utiliza para la limpieza de locales industriales, desengrasado\" \/>\n<meta name=\"robots\" content=\"index, follow, max-snippet:-1, max-image-preview:large, max-video-preview:-1\" \/>\n<link rel=\"canonical\" href=\"https:\/\/www.hydrobreak.com\/es\/products\/hydrobreak-2000\/\" \/>\n<meta property=\"og:locale\" content=\"es_ES\" \/>\n<meta property=\"og:type\" content=\"article\" \/>\n<meta property=\"og:title\" content=\"HydroBreak\u00ae 2000 | HydroBreak\" \/>\n<meta property=\"og:description\" content=\"Producto Limpiador\/desengrasante concentrado, ecol\u00f3gico y completamente biodegradable. Se utiliza para la limpieza de locales industriales, desengrasado\" \/>\n<meta property=\"og:url\" content=\"https:\/\/www.hydrobreak.com\/es\/products\/hydrobreak-2000\/\" \/>\n<meta property=\"og:site_name\" content=\"HydroBreak\" \/>\n<meta property=\"article:publisher\" content=\"https:\/\/www.facebook.com\/HydroBreak\" \/>\n<meta property=\"article:modified_time\" content=\"2021-03-08T12:34:28+00:00\" \/>\n<meta property=\"og:image\" content=\"https:\/\/www.hydrobreak.com\/wp-content\/uploads\/2019\/04\/2000-p.jpg\" \/>\n\t<meta property=\"og:image:width\" content=\"1150\" \/>\n\t<meta property=\"og:image:height\" content=\"1150\" \/>\n\t<meta property=\"og:image:type\" content=\"image\/jpeg\" \/>\n<meta name=\"twitter:card\" content=\"summary_large_image\" \/>\n<meta name=\"twitter:label1\" content=\"Tiempo de lectura\" \/>\n\t<meta name=\"twitter:data1\" content=\"1 minuto\" \/>\n<script type=\"application\/ld+json\" class=\"yoast-schema-graph\">{\"@context\":\"https:\/\/schema.org\",\"@graph\":[{\"@type\":\"WebPage\",\"@id\":\"https:\/\/www.hydrobreak.com\/es\/products\/hydrobreak-2000\/\",\"url\":\"https:\/\/www.hydrobreak.com\/es\/products\/hydrobreak-2000\/\",\"name\":\"HydroBreak\u00ae 2000 | HydroBreak\",\"isPartOf\":{\"@id\":\"https:\/\/www.hydrobreak.com\/it\/#website\"},\"primaryImageOfPage\":{\"@id\":\"https:\/\/www.hydrobreak.com\/es\/products\/hydrobreak-2000\/#primaryimage\"},\"image\":{\"@id\":\"https:\/\/www.hydrobreak.com\/es\/products\/hydrobreak-2000\/#primaryimage\"},\"thumbnailUrl\":\"https:\/\/www.hydrobreak.com\/wp-content\/uploads\/2019\/04\/2000-p.jpg\",\"datePublished\":\"2018-08-28T09:18:17+00:00\",\"dateModified\":\"2021-03-08T12:34:28+00:00\",\"description\":\"Producto Limpiador\/desengrasante concentrado, ecol\u00f3gico y completamente biodegradable. Se utiliza para la limpieza de locales industriales, desengrasado\",\"breadcrumb\":{\"@id\":\"https:\/\/www.hydrobreak.com\/es\/products\/hydrobreak-2000\/#breadcrumb\"},\"inLanguage\":\"es\",\"potentialAction\":[{\"@type\":\"ReadAction\",\"target\":[\"https:\/\/www.hydrobreak.com\/es\/products\/hydrobreak-2000\/\"]}]},{\"@type\":\"ImageObject\",\"inLanguage\":\"es\",\"@id\":\"https:\/\/www.hydrobreak.com\/es\/products\/hydrobreak-2000\/#primaryimage\",\"url\":\"https:\/\/www.hydrobreak.com\/wp-content\/uploads\/2019\/04\/2000-p.jpg\",\"contentUrl\":\"https:\/\/www.hydrobreak.com\/wp-content\/uploads\/2019\/04\/2000-p.jpg\",\"width\":1150,\"height\":1150},{\"@type\":\"BreadcrumbList\",\"@id\":\"https:\/\/www.hydrobreak.com\/es\/products\/hydrobreak-2000\/#breadcrumb\",\"itemListElement\":[{\"@type\":\"ListItem\",\"position\":1,\"name\":\"Home\",\"item\":\"https:\/\/www.hydrobreak.com\/es\/\"},{\"@type\":\"ListItem\",\"position\":2,\"name\":\"Productos\",\"item\":\"https:\/\/www.hydrobreak.com\/es\/products\/\"},{\"@type\":\"ListItem\",\"position\":3,\"name\":\"HydroBreak\u00ae 2000\"}]},{\"@type\":\"WebSite\",\"@id\":\"https:\/\/www.hydrobreak.com\/it\/#website\",\"url\":\"https:\/\/www.hydrobreak.com\/it\/\",\"name\":\"HydroBreak\",\"description\":\"Solutions for a Clean Tomorrow.\",\"potentialAction\":[{\"@type\":\"SearchAction\",\"target\":{\"@type\":\"EntryPoint\",\"urlTemplate\":\"https:\/\/www.hydrobreak.com\/it\/?s={search_term_string}\"},\"query-input\":\"required name=search_term_string\"}],\"inLanguage\":\"es\"}]}<\/script>\n<!-- \/ Yoast SEO plugin. -->","yoast_head_json":{"title":"HydroBreak\u00ae 2000 | HydroBreak","description":"Producto Limpiador\/desengrasante concentrado, ecol\u00f3gico y completamente biodegradable. Se utiliza para la limpieza de locales industriales, desengrasado","robots":{"index":"index","follow":"follow","max-snippet":"max-snippet:-1","max-image-preview":"max-image-preview:large","max-video-preview":"max-video-preview:-1"},"canonical":"https:\/\/www.hydrobreak.com\/es\/products\/hydrobreak-2000\/","og_locale":"es_ES","og_type":"article","og_title":"HydroBreak\u00ae 2000 | HydroBreak","og_description":"Producto Limpiador\/desengrasante concentrado, ecol\u00f3gico y completamente biodegradable. Se utiliza para la limpieza de locales industriales, desengrasado","og_url":"https:\/\/www.hydrobreak.com\/es\/products\/hydrobreak-2000\/","og_site_name":"HydroBreak","article_publisher":"https:\/\/www.facebook.com\/HydroBreak","article_modified_time":"2021-03-08T12:34:28+00:00","og_image":[{"width":1150,"height":1150,"url":"https:\/\/www.hydrobreak.com\/wp-content\/uploads\/2019\/04\/2000-p.jpg","type":"image\/jpeg"}],"twitter_card":"summary_large_image","twitter_misc":{"Tiempo de lectura":"1 minuto"},"schema":{"@context":"https:\/\/schema.org","@graph":[{"@type":"WebPage","@id":"https:\/\/www.hydrobreak.com\/es\/products\/hydrobreak-2000\/","url":"https:\/\/www.hydrobreak.com\/es\/products\/hydrobreak-2000\/","name":"HydroBreak\u00ae 2000 | HydroBreak","isPartOf":{"@id":"https:\/\/www.hydrobreak.com\/it\/#website"},"primaryImageOfPage":{"@id":"https:\/\/www.hydrobreak.com\/es\/products\/hydrobreak-2000\/#primaryimage"},"image":{"@id":"https:\/\/www.hydrobreak.com\/es\/products\/hydrobreak-2000\/#primaryimage"},"thumbnailUrl":"https:\/\/www.hydrobreak.com\/wp-content\/uploads\/2019\/04\/2000-p.jpg","datePublished":"2018-08-28T09:18:17+00:00","dateModified":"2021-03-08T12:34:28+00:00","description":"Producto Limpiador\/desengrasante concentrado, ecol\u00f3gico y completamente biodegradable. Se utiliza para la limpieza de locales industriales, desengrasado","breadcrumb":{"@id":"https:\/\/www.hydrobreak.com\/es\/products\/hydrobreak-2000\/#breadcrumb"},"inLanguage":"es","potentialAction":[{"@type":"ReadAction","target":["https:\/\/www.hydrobreak.com\/es\/products\/hydrobreak-2000\/"]}]},{"@type":"ImageObject","inLanguage":"es","@id":"https:\/\/www.hydrobreak.com\/es\/products\/hydrobreak-2000\/#primaryimage","url":"https:\/\/www.hydrobreak.com\/wp-content\/uploads\/2019\/04\/2000-p.jpg","contentUrl":"https:\/\/www.hydrobreak.com\/wp-content\/uploads\/2019\/04\/2000-p.jpg","width":1150,"height":1150},{"@type":"BreadcrumbList","@id":"https:\/\/www.hydrobreak.com\/es\/products\/hydrobreak-2000\/#breadcrumb","itemListElement":[{"@type":"ListItem","position":1,"name":"Home","item":"https:\/\/www.hydrobreak.com\/es\/"},{"@type":"ListItem","position":2,"name":"Productos","item":"https:\/\/www.hydrobreak.com\/es\/products\/"},{"@type":"ListItem","position":3,"name":"HydroBreak\u00ae 2000"}]},{"@type":"WebSite","@id":"https:\/\/www.hydrobreak.com\/it\/#website","url":"https:\/\/www.hydrobreak.com\/it\/","name":"HydroBreak","description":"Solutions for a Clean Tomorrow.","potentialAction":[{"@type":"SearchAction","target":{"@type":"EntryPoint","urlTemplate":"https:\/\/www.hydrobreak.com\/it\/?s={search_term_string}"},"query-input":"required name=search_term_string"}],"inLanguage":"es"}]}},"_links":{"self":[{"href":"https:\/\/www.hydrobreak.com\/es\/wp-json\/wp\/v2\/pages\/1297"}],"collection":[{"href":"https:\/\/www.hydrobreak.com\/es\/wp-json\/wp\/v2\/pages"}],"about":[{"href":"https:\/\/www.hydrobreak.com\/es\/wp-json\/wp\/v2\/types\/page"}],"author":[{"embeddable":true,"href":"https:\/\/www.hydrobreak.com\/es\/wp-json\/wp\/v2\/users\/2"}],"replies":[{"embeddable":true,"href":"https:\/\/www.hydrobreak.com\/es\/wp-json\/wp\/v2\/comments?post=1297"}],"version-history":[{"count":0,"href":"https:\/\/www.hydrobreak.com\/es\/wp-json\/wp\/v2\/pages\/1297\/revisions"}],"up":[{"embeddable":true,"href":"https:\/\/www.hydrobreak.com\/es\/wp-json\/wp\/v2\/pages\/1296"}],"wp:featuredmedia":[{"embeddable":true,"href":"https:\/\/www.hydrobreak.com\/es\/wp-json\/wp\/v2\/media\/1299"}],"wp:attachment":[{"href":"https:\/\/www.hydrobreak.com\/es\/wp-json\/wp\/v2\/media?parent=1297"}],"curies":[{"name":"wp","href":"https:\/\/api.w.org\/{rel}","templated":true}]}}